{"id":554,"date":"2017-11-12T09:03:31","date_gmt":"2017-11-12T14:03:31","guid":{"rendered":"https:\/\/new.fromagerielachaudiere.com\/?page_id=554"},"modified":"2017-11-15T14:46:54","modified_gmt":"2017-11-15T19:46:54","slug":"youpelai-processed-cheese-spread","status":"publish","type":"page","link":"https:\/\/new.fromagerielachaudiere.com\/en\/our-products\/youpelai-processed-cheese-spread\/","title":{"rendered":"Youpela\u00ef | Processed Cheese Spread"},"content":{"rendered":"<p><img decoding=\"async\" src=\"https:\/\/new.fromagerielachaudiere.com\/wp-content\/uploads\/2017\/11\/youpelai_en.gif\" alt=\"youpelai_en\"\/><\/p>\n<p>left<\/p>\n<h3>Processed Cheese Spread<\/h3>\n<p class=\"big\">\nSmooth, creamy, and always ready to serve, La Chaudi\u00e8re processed cheese spread goes great with just about every meal. Spread it on a bagel for breakfast, add some to pasta for a boost of flavor at lunch, or melt some to make a delicious vegetable topper for dinner. Like magic, kids eat Brussels sprouts, broccoli, and cauliflower when topped with melted processed cheese spread. Yum!\n<\/p>\n<p style=\"color:#e21f26;\">\n   <i>* Processed cheese spread<\/i>\n<\/p>\n<p>no-repeat;center top;;<\/p>\n<p>auto<\/p>\n<p class=\"big\" style=\"color:#fff;\">\n   In jar: <b>250 g<\/b>,   <b>500 g<\/b>\n<\/p>\n<p>center<\/p>\n<p>#e21f26<\/p>\n<p>no-repeat;center top;;<\/p>\n<p>auto<\/p>\n<p>30px<\/p>\n<p>15px 15px 0px 15px<\/p>\n<p>fadeIn<\/p>\n<p><img decoding=\"async\" src=\"https:\/\/new.fromagerielachaudiere.com\/wp-content\/uploads\/2017\/10\/youpelai.jpg\" alt=\"youpelai\"\/><\/p>\n<p><img decoding=\"async\" src=\"https:\/\/new.fromagerielachaudiere.com\/wp-content\/uploads\/2017\/10\/youpelai-broccoli.jpg\" alt=\"youpelai-broccoli\"\/><\/p>\n<p>L\u00e9gumes Youpela\u00ef<\/p>\n<p>Vos enfants ne veulent pas manger leurs l\u00e9gumes? Essayez cette recette de l\u00e9gumes assaisonn\u00e9s avec le fromage Youpela\u00ef!<\/p>\n<p>#ffffff<\/p>\n<p><a href=\"\/legumes-youpelai\/\">\/legumes-youpelai\/<\/a><\/p>\n<p>fadeInLeft<\/p>\n<p>Commentaire<\/p>\n<div class=\"google_font\" style=\"font-family:'komika',Arial,Tahoma,sans-serif;font-size:28px;line-height:28px;font-weight:400;letter-spacing:0px;color:#fff;\"><br \/>\nMick ne voulait pas manger ses l\u00e9gumes, mais asteure, il en redemande \u00e0 chaque fois!<br \/>\n<\/div>\n\n<p>right<\/p>\n<p>no-repeat;center top;;<\/p>\n<p>auto<\/p>\n<p>fadeInUp<\/p>\n<p><img decoding=\"async\" src=\"https:\/\/new.fromagerielachaudiere.com\/wp-content\/uploads\/2017\/10\/vero-flip-presentation-1.png\" alt=\"vero-flip-presentation\"\/><\/p>\n<p>fadeIn<\/p>\n<h4 style=\"color:#fff;\">Can&#8217;t find our products?<\/h4>\n<p style=\"color:#fff;\"> Let us know by calling 1-800-667-4330 or better yet, print out the letter below and give it the store manager. You&#8217;ll see it&#8217;ll do the trick! <\/p>\n<p>no-repeat;center top;;<\/p>\n<p>auto<\/p>\n<p>To the manager of my favorite store<\/p>\n<p><a href=\"\/wp-content\/uploads\/2017\/11\/to-the-manager-of-my-favorite-store_v2.pdf\">\/wp-content\/uploads\/2017\/11\/to-the-manager-of-my-favorite-store_v2.pdf<\/a><\/p>\n<p>center<\/p>\n<p>icon-thumbs-up<\/p>\n<p>left<\/p>\n<p>#ffffff<\/p>\n<p>#ffffff<\/p>\n<p>3<\/p>\n","protected":false},"excerpt":{"rendered":"<p>left Processed Cheese Spread Smooth, creamy, and always ready to serve, La Chaudi\u00e8re processed cheese spread goes great with just about every meal. Spread it on<span class=\"excerpt-hellip\"> [\u2026]<\/span><\/p>\n","protected":false},"author":1,"featured_media":0,"parent":533,"menu_order":5,"comment_status":"closed","ping_status":"closed","template":"","meta":{"footnotes":""},"class_list":["post-554","page","type-page","status-publish","hentry"],"_links":{"self":[{"href":"https:\/\/new.fromagerielachaudiere.com\/en\/wp-json\/wp\/v2\/pages\/554\/"}],"collection":[{"href":"https:\/\/new.fromagerielachaudiere.com\/en\/wp-json\/wp\/v2\/pages\/"}],"about":[{"href":"https:\/\/new.fromagerielachaudiere.com\/en\/wp-json\/wp\/v2\/types\/page\/"}],"author":[{"embeddable":true,"href":"https:\/\/new.fromagerielachaudiere.com\/en\/wp-json\/wp\/v2\/users\/1\/"}],"replies":[{"embeddable":true,"href":"https:\/\/new.fromagerielachaudiere.com\/en\/wp-json\/wp\/v2\/comments\/?post=554"}],"version-history":[{"count":3,"href":"https:\/\/new.fromagerielachaudiere.com\/en\/wp-json\/wp\/v2\/pages\/554\/revisions\/"}],"predecessor-version":[{"id":730,"href":"https:\/\/new.fromagerielachaudiere.com\/en\/wp-json\/wp\/v2\/pages\/554\/revisions\/730\/"}],"up":[{"embeddable":true,"href":"https:\/\/new.fromagerielachaudiere.com\/en\/wp-json\/wp\/v2\/pages\/533\/"}],"wp:attachment":[{"href":"https:\/\/new.fromagerielachaudiere.com\/en\/wp-json\/wp\/v2\/media\/?parent=554"}],"curies":[{"name":"wp","href":"https:\/\/api.w.org\/{rel}","templated":true}]}}