{"id":572,"date":"2017-11-12T09:34:39","date_gmt":"2017-11-12T14:34:39","guid":{"rendered":"https:\/\/new.fromagerielachaudiere.com\/?page_id=572"},"modified":"2017-11-29T10:43:13","modified_gmt":"2017-11-29T15:43:13","slug":"deguedine-twists-cheese","status":"publish","type":"page","link":"https:\/\/new.fromagerielachaudiere.com\/en\/our-products\/deguedine-twists-cheese\/","title":{"rendered":"D\u00e9gu\u00e9dine! | Twists Cheese"},"content":{"rendered":"<p><img decoding=\"async\" src=\"https:\/\/new.fromagerielachaudiere.com\/wp-content\/uploads\/2017\/11\/deguedine_en.gif\" alt=\"deguedine_en\"\/><\/p>\n<p>left<\/p>\n<h3>Twists Cheese<\/h3>\n<p class=\"big\">\nHave you ever noticed that you\u2019re always hungry when you\u2019re in a hurry? That\u2019s why La Chaudi\u00e8re invented cheese twists. A little bag in your purse, anther in your lunchbox, a big jar at the office, and voil\u00e0\u2014say goodbye to the munchies! You can enjoy them anywhere, anytime.<\/p>\n<p style=\"color:#e21f26;\">\n   <i>* Firm unripened cheese twists (also available in brine)<\/i>\n<\/p>\n<p>no-repeat;center top;;<\/p>\n<p>auto<\/p>\n<p class=\"big\" style=\"color:#fff;\">\n        Bag: <b>50 g<\/b>,   <b>150 g<\/b>\n<\/p>\n<p>center<\/p>\n<p>#e21f26<\/p>\n<p>no-repeat;center top;;<\/p>\n<p>auto<\/p>\n<p>30px<\/p>\n<p>15px 15px 0px 15px<\/p>\n<p>fadeIn<\/p>\n<p class=\"big\" style=\"color:#fff;\">\n    Brine: <b>75 g<\/b> ,  <b>200 g<\/b>,   <b>500 g<\/b>,   <b>1 kg<\/b>\n<\/p>\n<p>center<\/p>\n<p>#e21f26<\/p>\n<p>no-repeat;center top;;<\/p>\n<p>auto<\/p>\n<p>30px<\/p>\n<p>15px 15px 0px 15px<\/p>\n<p>fadeIn<\/p>\n<p><img decoding=\"async\" src=\"https:\/\/new.fromagerielachaudiere.com\/wp-content\/uploads\/2017\/10\/deguedineFormat.jpg\" alt=\"deguedineFormat\"\/><\/p>\n<p>center<\/p>\n<p><img decoding=\"async\" src=\"https:\/\/new.fromagerielachaudiere.com\/wp-content\/uploads\/2017\/10\/deguedineFormat2.jpg\" alt=\"deguedineFormat2\"\/><\/p>\n<p>center<\/p>\n<p><img decoding=\"async\" src=\"https:\/\/new.fromagerielachaudiere.com\/wp-content\/uploads\/2017\/10\/poulet-skouik-skouik.jpg\" alt=\"poulet-skouik-skouik\"\/><\/p>\n<p>Poulet Skouik! Spouik! de Ben<\/p>\n<p>Essayez la recette de Ben, son fameux Hot-chicken style poutine! Un sandwich classique avec un c\u00f4t\u00e9 encore plus fondant et r\u00e9confortant!<\/p>\n<p>#ffffff<\/p>\n<p><a href=\"#\">#<\/a><\/p>\n<p>fadeInLeft<\/p>\n<p>Commentaire<\/p>\n<div class=\"google_font\" style=\"font-family:'komika',Arial,Tahoma,sans-serif;font-size:28px;line-height:28px;font-weight:400;letter-spacing:0px;color:#fff;\"><br \/>\nC&#8217;est tellement bon que \u00e7a fait Skouik! Skouik! \u00e0 chaque bouch\u00e9e!<br \/>\n<\/div>\n\n<p>right<\/p>\n<p>no-repeat;center top;;<\/p>\n<p>auto<\/p>\n<p>fadeInUp<\/p>\n<p><img decoding=\"async\" src=\"https:\/\/new.fromagerielachaudiere.com\/wp-content\/uploads\/2017\/10\/ben-heureux.png\" alt=\"ben-heureux\"\/><\/p>\n<p>fadeIn<\/p>\n<h4 style=\"color:#fff;\">Vous ne nous trouvez pas?<\/h4>\n<p style=\"color:#fff;\">Faites-le savoir ! Appelez-nous au 1-800-667-4330 ou mieux encore, imprimez la lettre qui suit et remettez-la au g\u00e9rant du magasin. Vous allez voir, \u00e7a marche!<\/p>\n<p>no-repeat;center top;;<\/p>\n<p>auto<\/p>\n<p>\u00c0 mon directeur de magasin favori<\/p>\n<p><a href=\"\/wp-content\/uploads\/2017\/10\/a-mon-directeur-de-magasin-favori_v2.pdf\">\/wp-content\/uploads\/2017\/10\/a-mon-directeur-de-magasin-favori_v2.pdf<\/a><\/p>\n<p>center<\/p>\n<p>icon-thumbs-up<\/p>\n<p>left<\/p>\n<p>#ffffff<\/p>\n<p>#ffffff<\/p>\n<p>3<\/p>\n","protected":false},"excerpt":{"rendered":"<p>left Twists Cheese Have you ever noticed that you\u2019re always hungry when you\u2019re in a hurry? That\u2019s why La Chaudi\u00e8re invented cheese twists. A little bag<span class=\"excerpt-hellip\"> [\u2026]<\/span><\/p>\n","protected":false},"author":1,"featured_media":0,"parent":533,"menu_order":11,"comment_status":"closed","ping_status":"closed","template":"","meta":{"footnotes":""},"class_list":["post-572","page","type-page","status-publish","hentry"],"_links":{"self":[{"href":"https:\/\/new.fromagerielachaudiere.com\/en\/wp-json\/wp\/v2\/pages\/572\/"}],"collection":[{"href":"https:\/\/new.fromagerielachaudiere.com\/en\/wp-json\/wp\/v2\/pages\/"}],"about":[{"href":"https:\/\/new.fromagerielachaudiere.com\/en\/wp-json\/wp\/v2\/types\/page\/"}],"author":[{"embeddable":true,"href":"https:\/\/new.fromagerielachaudiere.com\/en\/wp-json\/wp\/v2\/users\/1\/"}],"replies":[{"embeddable":true,"href":"https:\/\/new.fromagerielachaudiere.com\/en\/wp-json\/wp\/v2\/comments\/?post=572"}],"version-history":[{"count":2,"href":"https:\/\/new.fromagerielachaudiere.com\/en\/wp-json\/wp\/v2\/pages\/572\/revisions\/"}],"predecessor-version":[{"id":733,"href":"https:\/\/new.fromagerielachaudiere.com\/en\/wp-json\/wp\/v2\/pages\/572\/revisions\/733\/"}],"up":[{"embeddable":true,"href":"https:\/\/new.fromagerielachaudiere.com\/en\/wp-json\/wp\/v2\/pages\/533\/"}],"wp:attachment":[{"href":"https:\/\/new.fromagerielachaudiere.com\/en\/wp-json\/wp\/v2\/media\/?parent=572"}],"curies":[{"name":"wp","href":"https:\/\/api.w.org\/{rel}","templated":true}]}}